{"id":9508,"date":"2021-06-17T16:31:00","date_gmt":"2021-06-17T13:01:00","guid":{"rendered":"https:\/\/dariush-stove.ir\/?page_id=9508"},"modified":"2024-10-06T17:10:08","modified_gmt":"2024-10-06T13:40:08","slug":"gorsel-galerisi","status":"publish","type":"page","link":"https:\/\/dariush-stove.ir\/tr\/gorsel-galerisi\/","title":{"rendered":"Galerisi"},"content":{"rendered":"\t\t<div data-elementor-type=\"wp-page\" data-elementor-id=\"9508\" class=\"elementor elementor-9508\" data-elementor-post-type=\"page\">\n\t\t\t\t\t\t<section class=\"elementor-section elementor-top-section elementor-element elementor-element-b1ec028 elementor-section-boxed elementor-section-height-default elementor-section-height-default\" data-id=\"b1ec028\" data-element_type=\"section\">\n\t\t\t\t\t\t<div class=\"elementor-container elementor-column-gap-default\">\n\t\t\t\t\t<div class=\"elementor-column elementor-col-100 elementor-top-column elementor-element elementor-element-6bb614a\" data-id=\"6bb614a\" data-element_type=\"column\">\n\t\t\t<div class=\"elementor-widget-wrap elementor-element-populated\">\n\t\t\t\t\t\t<section class=\"elementor-section elementor-inner-section elementor-element elementor-element-32289bd elementor-section-boxed elementor-section-height-default elementor-section-height-default\" data-id=\"32289bd\" data-element_type=\"section\">\n\t\t\t\t\t\t<div class=\"elementor-container elementor-column-gap-default\">\n\t\t\t\t\t<div class=\"elementor-column elementor-col-100 elementor-inner-column elementor-element elementor-element-021100b\" data-id=\"021100b\" data-element_type=\"column\">\n\t\t\t<div class=\"elementor-widget-wrap elementor-element-populated\">\n\t\t\t\t\t\t<div class=\"elementor-element elementor-element-17667e4 elementor-widget elementor-widget-section_title\" data-id=\"17667e4\" data-element_type=\"widget\" data-widget_type=\"section_title.default\">\n\t\t\t\t<div class=\"elementor-widget-container\">\n\t\t\t\t\t<div class=\"sub_title-1 section-title text-center\">\n\t\t\t\t\t\t\t<span class=\"title-tagline\">En Yeni \u0130\u015flerimiz<\/span>\n\t\t\t\t\t\t<h2 class=\"main-title\">Portf\u00f6y ve G\u00f6rseller<\/h2>\n\t\t\t\t\t<\/div>\n\t\t\t<\/div>\n\t\t\t\t<\/div>\n\t\t\t\t<div class=\"elementor-element elementor-element-3741b44 elementor-widget elementor-widget-text-editor\" data-id=\"3741b44\" data-element_type=\"widget\" data-widget_type=\"text-editor.default\">\n\t\t\t\t<div class=\"elementor-widget-container\">\n\t\t\t<style>\/*! elementor - v3.22.0 - 26-06-2024 *\/\n.elementor-widget-text-editor.elementor-drop-cap-view-stacked .elementor-drop-cap{background-color:#69727d;color:#fff}.elementor-widget-text-editor.elementor-drop-cap-view-framed .elementor-drop-cap{color:#69727d;border:3px solid;background-color:transparent}.elementor-widget-text-editor:not(.elementor-drop-cap-view-default) .elementor-drop-cap{margin-top:8px}.elementor-widget-text-editor:not(.elementor-drop-cap-view-default) .elementor-drop-cap-letter{width:1em;height:1em}.elementor-widget-text-editor .elementor-drop-cap{float:right;text-align:center;line-height:1;font-size:50px}.elementor-widget-text-editor .elementor-drop-cap-letter{display:inline-block}<\/style>\t\t\t\t<p>D\u00f6kme demir ocak ba\u015fl\u0131\u011f\u0131, y\u00fcksek \u0131s\u0131ya dayan\u0131kl\u0131l\u0131\u011f\u0131 ve uzun \u00f6m\u00fcrl\u00fc olmas\u0131 nedeniyle ocaklar\u0131n \u00f6nemli bir par\u00e7as\u0131d\u0131r. Bu t\u00fcr ocak ba\u015fl\u0131klar\u0131 genellikle \u00e7ok dayan\u0131kl\u0131 ve sa\u011flam bir malzeme olan d\u00f6kme demirden yap\u0131l\u0131r. D\u00f6kme demir ocak ba\u015fl\u0131klar\u0131, a\u011f\u0131rl\u0131klar\u0131 ve sa\u011flaml\u0131klar\u0131 sayesinde \u0131s\u0131y\u0131 e\u015fit \u015fekilde da\u011f\u0131tarak daha iyi ve e\u015fit pi\u015firme sa\u011flar. Ayr\u0131ca, bu ocak ba\u015fl\u0131klar\u0131 kolayca temizlenir ve \u00e7izilmelere ve paslanmaya kar\u015f\u0131 dayan\u0131kl\u0131d\u0131r. Ocaklarda d\u00f6kme demir ocak ba\u015fl\u0131\u011f\u0131 kullan\u0131m\u0131, pi\u015firme kalitesini ve verimlili\u011fini art\u0131rman\u0131n yan\u0131 s\u0131ra cihaz\u0131n g\u00fczelli\u011fini ve dayan\u0131kl\u0131l\u0131\u011f\u0131n\u0131 da art\u0131r\u0131r.<\/p>\t\t\t\t\t\t<\/div>\n\t\t\t\t<\/div>\n\t\t\t\t\t<\/div>\n\t\t<\/div>\n\t\t\t\t\t<\/div>\n\t\t<\/section>\n\t\t\t\t<section class=\"elementor-section elementor-inner-section elementor-element elementor-element-68a2149 elementor-section-boxed elementor-section-height-default elementor-section-height-default\" data-id=\"68a2149\" data-element_type=\"section\">\n\t\t\t\t\t\t<div class=\"elementor-container elementor-column-gap-default\">\n\t\t\t\t\t<div class=\"elementor-column elementor-col-100 elementor-inner-column elementor-element elementor-element-1bb24c8\" data-id=\"1bb24c8\" data-element_type=\"column\">\n\t\t\t<div class=\"elementor-widget-wrap elementor-element-populated\">\n\t\t\t\t\t\t<div class=\"elementor-element elementor-element-8ac36b0 elementor-widget elementor-widget-Portfolio\" data-id=\"8ac36b0\" data-element_type=\"widget\" data-widget_type=\"Portfolio.default\">\n\t\t\t\t<div class=\"elementor-widget-container\">\n\t\t\t\t\t\n\t\t\t\t\t<div class=\"portfolio-main type-grid desk-grid-3 lap-grid-3 tab-grid-2 mob-grid-2 mpor-grid-1 grid-space-30\">\n\t\t\t\t<div class=\"b-isotope portfolio-wrapper portfolio-style-1 portfolio-column-3\">\n\t\t\t\t\t\t\t\t<ul class=\"b-isotope-filter clearfix filter-style-2\">\n\t\t\t\t\t\t\t\t\t<li class=\"current\"><a href=\"\" data-filter=\"*\">All<\/a><\/li>\n\t\t\t\t\t\t\t\t\t<li><a href=\"\" data-filter=\".casting\">casting<\/a><\/li>\n\t\t\t\t\t\t\t\t<\/ul>\n\t\t\t\t\t\t\t\t<ul class=\"b-isotope-grid grid list-unstyled\">\n\t\t\t\t\t<li class=\"grid-sizer\"><\/li>\n\t\t\t\t\t\t\t\t\t\t\t\t\t\t\t\t\t\t<li class=\"grid-item casting\">\n\t\t\t\t\t\t\t<div class=\"portfolio-item\">\n\t\t\t\t\t\t\t\t<div class=\"item-img\">\n\t\t\t\t\t\t\t\t\t<div class=\"portfolio-control\">\n\t\t\t\t\t\t\t\t\t\t<!-- <a class=\"popup-img\" href=\"https:\/\/dariush-stove.ir\/wp-content\/uploads\/2024\/07\/image-13-500x500.jpeg\"><i class=\"fa fa-search\"><\/i><\/a> -->\n\t\t\t\t\t\t\t\t\t\t<a class=\"popup-link\" href=\"https:\/\/dariush-stove.ir\/tr\/portfolio\/mold-casting\/\"><i class=\"ti ti-plus\"><\/i><\/a>\n\t\t\t\t\t\t\t\t\t<\/div>\n\t\t\t\t\t\t\t\t\t<img decoding=\"async\" src=\"https:\/\/dariush-stove.ir\/wp-content\/uploads\/2024\/07\/image-13-500x500.jpeg\" alt=\"Design\" \/> \n\t\t\t\t\t\t\t\t<\/div>\n\t\t\t\t\t\t\t\t<div class=\"item-info\">\n\t\t\t\t\t\t\t\t\t<h3 class=\"portfolio-title\"><a class=\"title-link\" href=\"https:\/\/dariush-stove.ir\/tr\/portfolio\/mold-casting\/\">Mold casting<\/a><\/h3>\n\t\t\t\t\t\t\t\t\t<span class=\"portfolio-category\">casting<\/span> \n\t\t\t\t\t\t\t\t<\/div>\n\t\t\t\t\t\t\t<\/div>\n\t\t\t\t\t\t\t<\/li>\n\t\t\t\t\t\t\t\t\t\t\t\t\t\t\t\t\t\t\t\t\t\t\t\t\t\t\t<\/ul>\n\t\t\t\t<\/div>\n\t\t\t<\/div>\n\t\t\t\t\t\t\t\t<script>\n\t\t\tjQuery('.swiper-container' ).each(function () {\n\t\t\t\tvar swiper = new Swiper( jQuery( this ), {\n\t\t\t\tslidesPerView:  ((jQuery(this).attr('data-items')) ? jQuery(this).attr('data-items') : 4),\n\t\t\t\tspaceBetween:   ((jQuery(this).attr('data-space')) ? jQuery(this).data('space') : 15),\n\t\t\t\tautoplay:       ((jQuery(this).attr('data-autoplay')) ? jQuery(this).data('autoplay') : false),\n\t\t\t\tloop:           ((jQuery(this).attr('data-loop')) ? jQuery(this).data('loop') : false),\n\t\t\t\tnavigation: {\n\t\t\t\t\tnextEl: '.swiper-button-next',\n\t\t\t\t\tprevEl: '.swiper-button-prev',\n\t\t\t\t},\n\t\t\t\tpagination: {\n\t\t\t\t\tel: '.swiper-pagination',\n\t\t\t\t\tclickable: true,\n\t\t\t\t},\n\t\t\t\tbreakpoints: {\n\t\t\t\t\t1200: {slidesPerView: ((jQuery(this).attr('data-items')) ? jQuery(this).attr('data-items') : 4),},\n\t\t\t\t\t992:  {slidesPerView: ((jQuery(this).attr('data-lg-items')) ? jQuery(this).attr('data-lg-items') : 3),},\n\t\t\t\t\t768:  {slidesPerView: ((jQuery(this).attr('data-md-items')) ? jQuery(this).attr('data-md-items') : 2),},\n\t\t\t\t\t480:  {slidesPerView: ((jQuery(this).attr('data-sm-items')) ? jQuery(this).attr('data-sm-items') : 1),},\n\t\t\t\t\t0:  {slidesPerView: ((jQuery(this).attr('data-xs-items')) ? jQuery(this).attr('data-xs-items') : 1),}\n\t\t\t\t}\n\t\t\t\t});\n\t\t\t});\n\t\t<\/script>\n\t\t\t\t<\/div>\n\t\t\t\t<\/div>\n\t\t\t\t\t<\/div>\n\t\t<\/div>\n\t\t\t\t\t<\/div>\n\t\t<\/section>\n\t\t\t\t\t<\/div>\n\t\t<\/div>\n\t\t\t\t\t<\/div>\n\t\t<\/section>\n\t\t\t\t<\/div>\n\t\t","protected":false},"excerpt":{"rendered":"<p>En Yeni \u0130\u015flerimiz Portf\u00f6y ve G\u00f6rseller D\u00f6kme demir ocak ba\u015fl\u0131\u011f\u0131, y\u00fcksek \u0131s\u0131ya dayan\u0131kl\u0131l\u0131\u011f\u0131 ve uzun \u00f6m\u00fcrl\u00fc olmas\u0131 nedeniyle ocaklar\u0131n \u00f6nemli bir par\u00e7as\u0131d\u0131r. Bu t\u00fcr ocak ba\u015fl\u0131klar\u0131 genellikle \u00e7ok dayan\u0131kl\u0131 ve sa\u011flam bir malzeme olan d\u00f6kme demirden yap\u0131l\u0131r. D\u00f6kme demir ocak ba\u015fl\u0131klar\u0131, a\u011f\u0131rl\u0131klar\u0131 ve sa\u011flaml\u0131klar\u0131 sayesinde \u0131s\u0131y\u0131 e\u015fit \u015fekilde da\u011f\u0131tarak daha iyi ve e\u015fit pi\u015firme sa\u011flar. [&hellip;]<\/p>\n","protected":false},"author":1,"featured_media":0,"parent":0,"menu_order":0,"comment_status":"closed","ping_status":"closed","template":"elementor_header_footer","meta":{"_acf_changed":false,"footnotes":""},"class_list":["post-9508","page","type-page","status-publish","hentry"],"acf":[],"yoast_head":"<!-- This site is optimized with the Yoast SEO Premium plugin v23.0 (Yoast SEO v23.0) - https:\/\/yoast.com\/wordpress\/plugins\/seo\/ -->\n<title>Galerisi - \u06af\u0631\u0648\u0647 \u062a\u0648\u0644\u06cc\u062f\u06cc \u0648 \u0635\u0646\u0639\u062a\u06cc \u062f\u0627\u0631\u06cc\u0648\u0634 (\u0622\u0630\u0631\u062e\u0634 \u0635\u0646\u0639\u062a \u062f\u0627\u0631\u06cc\u0648\u0634)<\/title>\n<meta name=\"robots\" content=\"index, follow, max-snippet:-1, max-image-preview:large, max-video-preview:-1\" \/>\n<link rel=\"canonical\" href=\"https:\/\/dariush-stove.ir\/tr\/gorsel-galerisi\/\" \/>\n<meta property=\"og:locale\" content=\"tr_TR\" \/>\n<meta property=\"og:type\" content=\"article\" \/>\n<meta property=\"og:title\" content=\"Galerisi\" \/>\n<meta property=\"og:description\" content=\"En Yeni \u0130\u015flerimiz Portf\u00f6y ve G\u00f6rseller D\u00f6kme demir ocak ba\u015fl\u0131\u011f\u0131, y\u00fcksek \u0131s\u0131ya dayan\u0131kl\u0131l\u0131\u011f\u0131 ve uzun \u00f6m\u00fcrl\u00fc olmas\u0131 nedeniyle ocaklar\u0131n \u00f6nemli bir par\u00e7as\u0131d\u0131r. Bu t\u00fcr ocak ba\u015fl\u0131klar\u0131 genellikle \u00e7ok dayan\u0131kl\u0131 ve sa\u011flam bir malzeme olan d\u00f6kme demirden yap\u0131l\u0131r. D\u00f6kme demir ocak ba\u015fl\u0131klar\u0131, a\u011f\u0131rl\u0131klar\u0131 ve sa\u011flaml\u0131klar\u0131 sayesinde \u0131s\u0131y\u0131 e\u015fit \u015fekilde da\u011f\u0131tarak daha iyi ve e\u015fit pi\u015firme sa\u011flar. [&hellip;]\" \/>\n<meta property=\"og:url\" content=\"https:\/\/dariush-stove.ir\/tr\/gorsel-galerisi\/\" \/>\n<meta property=\"og:site_name\" content=\"\u06af\u0631\u0648\u0647 \u062a\u0648\u0644\u06cc\u062f\u06cc \u0648 \u0635\u0646\u0639\u062a\u06cc \u062f\u0627\u0631\u06cc\u0648\u0634 (\u0622\u0630\u0631\u062e\u0634 \u0635\u0646\u0639\u062a \u062f\u0627\u0631\u06cc\u0648\u0634)\" \/>\n<meta property=\"article:modified_time\" content=\"2024-10-06T13:40:08+00:00\" \/>\n<meta property=\"og:image\" content=\"https:\/\/dariush-stove.ir\/wp-content\/uploads\/2024\/07\/image-13-500x500.jpeg\" \/>\n<meta name=\"twitter:card\" content=\"summary_large_image\" \/>\n<meta name=\"twitter:label1\" content=\"Tahmini okuma s\u00fcresi\" \/>\n\t<meta name=\"twitter:data1\" content=\"1 dakika\" \/>\n<script type=\"application\/ld+json\" class=\"yoast-schema-graph\">{\"@context\":\"https:\/\/schema.org\",\"@graph\":[{\"@type\":\"WebPage\",\"@id\":\"https:\/\/dariush-stove.ir\/tr\/gorsel-galerisi\/\",\"url\":\"https:\/\/dariush-stove.ir\/tr\/gorsel-galerisi\/\",\"name\":\"Galerisi - \u06af\u0631\u0648\u0647 \u062a\u0648\u0644\u06cc\u062f\u06cc \u0648 \u0635\u0646\u0639\u062a\u06cc \u062f\u0627\u0631\u06cc\u0648\u0634 (\u0622\u0630\u0631\u062e\u0634 \u0635\u0646\u0639\u062a \u062f\u0627\u0631\u06cc\u0648\u0634)\",\"isPartOf\":{\"@id\":\"https:\/\/dariush-stove.ir\/#website\"},\"primaryImageOfPage\":{\"@id\":\"https:\/\/dariush-stove.ir\/tr\/gorsel-galerisi\/#primaryimage\"},\"image\":{\"@id\":\"https:\/\/dariush-stove.ir\/tr\/gorsel-galerisi\/#primaryimage\"},\"thumbnailUrl\":\"https:\/\/dariush-stove.ir\/wp-content\/uploads\/2024\/07\/image-13-500x500.jpeg\",\"datePublished\":\"2021-06-17T13:01:00+00:00\",\"dateModified\":\"2024-10-06T13:40:08+00:00\",\"breadcrumb\":{\"@id\":\"https:\/\/dariush-stove.ir\/tr\/gorsel-galerisi\/#breadcrumb\"},\"inLanguage\":\"tr\",\"potentialAction\":[{\"@type\":\"ReadAction\",\"target\":[\"https:\/\/dariush-stove.ir\/tr\/gorsel-galerisi\/\"]}]},{\"@type\":\"ImageObject\",\"inLanguage\":\"tr\",\"@id\":\"https:\/\/dariush-stove.ir\/tr\/gorsel-galerisi\/#primaryimage\",\"url\":\"https:\/\/dariush-stove.ir\/wp-content\/uploads\/2024\/07\/image-13-500x500.jpeg\",\"contentUrl\":\"https:\/\/dariush-stove.ir\/wp-content\/uploads\/2024\/07\/image-13-500x500.jpeg\"},{\"@type\":\"BreadcrumbList\",\"@id\":\"https:\/\/dariush-stove.ir\/tr\/gorsel-galerisi\/#breadcrumb\",\"itemListElement\":[{\"@type\":\"ListItem\",\"position\":1,\"name\":\"Home\",\"item\":\"https:\/\/dariush-stove.ir\/\"},{\"@type\":\"ListItem\",\"position\":2,\"name\":\"Galerisi\"}]},{\"@type\":\"WebSite\",\"@id\":\"https:\/\/dariush-stove.ir\/#website\",\"url\":\"https:\/\/dariush-stove.ir\/\",\"name\":\"\u0622\u0630\u0631\u062e\u0634 \u0635\u0646\u0639\u062a \u062f\u0627\u0631\u06cc\u0648\u0634\",\"description\":\"\u06af\u0631\u0648\u0647 \u062a\u0648\u0644\u06cc\u062f\u06cc \u0648 \u0635\u0646\u0639\u062a\u06cc \u062f\u0627\u0631\u06cc\u0648\u0634 (\u0622\u0630\u0631\u062e\u0634 \u0635\u0646\u0639\u062a \u062f\u0627\u0631\u06cc\u0648\u0634) \u062f\u0631 \u0633\u0627\u0644 \u06f1\u06f3\u06f9\u06f9\u062a\u0627\u0633\u06cc\u0633 \u06af\u0631\u062f\u06cc\u062f. \u0645\u062d\u0635\u0648\u0644 \u0627\u0635\u0644\u06cc \u0627\u06cc\u0646 \u0648\u0627\u062d\u062f \u062a\u0648\u0644\u06cc\u062f\u06cc \u0634\u0628\u06a9\u0647 \u0686\u062f\u0646\u06cc \u0631\u0648\u06cc\u0647 \u0627\u062c\u0627\u0642 \u06af\u0627\u0632 \u0645\u06cc \u0628\u0627\u0634\u062f \u06a9\u0647 \u0627\u0632 \u0628\u0647\u062a\u0631\u06cc\u0646 \u0645\u0648\u0627\u062f \u0627\u0648\u0644\u06cc\u0647 \u0648 \u0628\u0647 \u062f\u0633\u062a \u0627\u0641\u0631\u0627\u062f \u0645\u062a\u062e\u0635\u0635 \u062a\u0648\u0644\u06cc\u062f \u0645\u06cc\u200c\u0634\u0648\u062f.\",\"publisher\":{\"@id\":\"https:\/\/dariush-stove.ir\/#organization\"},\"alternateName\":\"\u06af\u0631\u0648\u0647 \u062a\u0648\u0644\u06cc\u062f\u06cc \u0648 \u0635\u0646\u0639\u062a\u06cc \u062f\u0627\u0631\u06cc\u0648\u0634\",\"potentialAction\":[{\"@type\":\"SearchAction\",\"target\":{\"@type\":\"EntryPoint\",\"urlTemplate\":\"https:\/\/dariush-stove.ir\/?s={search_term_string}\"},\"query-input\":\"required name=search_term_string\"}],\"inLanguage\":\"tr\"},{\"@type\":\"Organization\",\"@id\":\"https:\/\/dariush-stove.ir\/#organization\",\"name\":\"\u0622\u0630\u0631\u062e\u0634 \u0635\u0646\u0639\u062a \u062f\u0627\u0631\u06cc\u0648\u0634\",\"alternateName\":\"\u06af\u0631\u0648\u0647 \u062a\u0648\u0644\u06cc\u062f\u06cc \u0648 \u0635\u0646\u0639\u062a\u06cc \u062f\u0627\u0631\u06cc\u0648\u0634\",\"url\":\"https:\/\/dariush-stove.ir\/\",\"logo\":{\"@type\":\"ImageObject\",\"inLanguage\":\"tr\",\"@id\":\"https:\/\/dariush-stove.ir\/#\/schema\/logo\/image\/\",\"url\":\"https:\/\/dariush-stove.ir\/wp-content\/uploads\/2024\/04\/logo.png\",\"contentUrl\":\"https:\/\/dariush-stove.ir\/wp-content\/uploads\/2024\/04\/logo.png\",\"width\":155,\"height\":147,\"caption\":\"\u0622\u0630\u0631\u062e\u0634 \u0635\u0646\u0639\u062a \u062f\u0627\u0631\u06cc\u0648\u0634\"},\"image\":{\"@id\":\"https:\/\/dariush-stove.ir\/#\/schema\/logo\/image\/\"},\"description\":\"\u0645\u0627 \u062f\u0631 \u0627\u06cc\u0646 \u0634\u0631\u06a9\u062a \u06cc\u06a9 \u0631\u0648\u0634 \u062c\u0627\u0645\u0639 \u0628\u0631\u0627\u06cc \u06a9\u0646\u062a\u0631\u0644 \u0633\u06cc\u0633\u062a\u0645 \u062a\u0648\u0644\u06cc\u062f \u067e\u06cc\u0627\u062f\u0647 \u0633\u0627\u0632\u06cc \u0646\u0645\u0648\u062f\u0647\u200c\u0627\u06cc\u0645 \u06a9\u0647 \u0645\u062d\u0635\u0648\u0644\u0627\u062a \u062a\u0648\u0644\u06cc\u062f\u06cc \u0645\u0627 \u0645\u0637\u0627\u0628\u0642 \u0628\u0627 \u062e\u0648\u0627\u0633\u062a \u0645\u0634\u062a\u0631\u06cc \u0628\u0627\u0634\u062f\u060c \u0628\u0639\u0644\u0627\u0648\u0647 \u062a\u0645\u0627\u0645\u06cc \u0645\u062d\u0635\u0648\u0644\u0627\u062a\u060c \u0628\u0647 \u0635\u0648\u0631\u062a \u062f\u0642\u06cc\u0642 \u0642\u0628\u0644 \u0627\u0632 \u0627\u0631\u0633\u0627\u0644 \u0628\u0631\u0627\u06cc \u0645\u0634\u062a\u0631\u06cc \u0645\u0648\u0631\u062f \u06a9\u0646\u062a\u0631\u0644 \u0646\u0647\u0627\u06cc\u06cc \u0642\u0631\u0627\u0631 \u0645\u06cc\u200c\u06af\u06cc\u0631\u062f.\u062a\u0645\u0627\u0645\u06cc \u0645\u0631\u0627\u062d\u0644 \u062a\u0648\u0644\u06cc\u062f \u06a9\u0647 \u0634\u0627\u0645\u0644 \u0622\u0645\u0627\u062f\u0647\u200c\u0633\u0627\u0632\u06cc \u0630\u0648\u0628\u060c \u0631\u06cc\u062e\u062a\u0647\u200c\u06af\u0631\u06cc\u060c \u0645\u0627\u0634\u06cc\u0646\u200c\u06a9\u0627\u0631\u06cc \u0648 \u0644\u0639\u0627\u0628\u200c\u06a9\u0627\u0631\u06cc \u0645\u06cc\u200c\u0628\u0627\u0634\u062f \u062a\u0648\u0633\u0637 \u0648\u0627\u062d\u062f \u06a9\u0646\u062a\u0631\u0644 \u06a9\u06cc\u0641\u06cc\u062a \u062a\u062d\u062a \u0622\u0646\u0627\u0644\u06cc\u0632 \u062f\u0642\u06cc\u0642 \u0645\u06cc\u200c\u0628\u0627\u0634\u062f.\",\"email\":\"info@dariush-stove.com\",\"telephone\":\"\u06f0\u06f9\u06f1\u06f2\u06f7\u06f0\u06f1\u06f3\u06f2\u06f0\u06f0 - \u06f0\u06f9\u06f1\u06f2\u06f0\u06f7\u06f3\u06f1\u06f8\u06f0\u06f6\",\"legalName\":\"\u06af\u0631\u0648\u0647 \u062a\u0648\u0644\u06cc\u062f\u06cc \u0648 \u0635\u0646\u0639\u062a\u06cc \u062f\u0627\u0631\u06cc\u0648\u0634 (\u0622\u0630\u0631\u062e\u0634 \u0635\u0646\u0639\u062a \u062f\u0627\u0631\u06cc\u0648\u0634)\",\"foundingDate\":\"2024-07-16\",\"numberOfEmployees\":{\"@type\":\"QuantitativeValue\",\"minValue\":\"51\",\"maxValue\":\"200\"},\"publishingPrinciples\":\"https:\/\/dariush-stove.ir\/%d9%85%d8%ad%d8%b5%d9%88%d9%84%d8%a7%d8%aa\/\"}]}<\/script>\n<!-- \/ Yoast SEO Premium plugin. -->","yoast_head_json":{"title":"Galerisi - \u06af\u0631\u0648\u0647 \u062a\u0648\u0644\u06cc\u062f\u06cc \u0648 \u0635\u0646\u0639\u062a\u06cc \u062f\u0627\u0631\u06cc\u0648\u0634 (\u0622\u0630\u0631\u062e\u0634 \u0635\u0646\u0639\u062a \u062f\u0627\u0631\u06cc\u0648\u0634)","robots":{"index":"index","follow":"follow","max-snippet":"max-snippet:-1","max-image-preview":"max-image-preview:large","max-video-preview":"max-video-preview:-1"},"canonical":"https:\/\/dariush-stove.ir\/tr\/gorsel-galerisi\/","og_locale":"tr_TR","og_type":"article","og_title":"Galerisi","og_description":"En Yeni \u0130\u015flerimiz Portf\u00f6y ve G\u00f6rseller D\u00f6kme demir ocak ba\u015fl\u0131\u011f\u0131, y\u00fcksek \u0131s\u0131ya dayan\u0131kl\u0131l\u0131\u011f\u0131 ve uzun \u00f6m\u00fcrl\u00fc olmas\u0131 nedeniyle ocaklar\u0131n \u00f6nemli bir par\u00e7as\u0131d\u0131r. Bu t\u00fcr ocak ba\u015fl\u0131klar\u0131 genellikle \u00e7ok dayan\u0131kl\u0131 ve sa\u011flam bir malzeme olan d\u00f6kme demirden yap\u0131l\u0131r. D\u00f6kme demir ocak ba\u015fl\u0131klar\u0131, a\u011f\u0131rl\u0131klar\u0131 ve sa\u011flaml\u0131klar\u0131 sayesinde \u0131s\u0131y\u0131 e\u015fit \u015fekilde da\u011f\u0131tarak daha iyi ve e\u015fit pi\u015firme sa\u011flar. [&hellip;]","og_url":"https:\/\/dariush-stove.ir\/tr\/gorsel-galerisi\/","og_site_name":"\u06af\u0631\u0648\u0647 \u062a\u0648\u0644\u06cc\u062f\u06cc \u0648 \u0635\u0646\u0639\u062a\u06cc \u062f\u0627\u0631\u06cc\u0648\u0634 (\u0622\u0630\u0631\u062e\u0634 \u0635\u0646\u0639\u062a \u062f\u0627\u0631\u06cc\u0648\u0634)","article_modified_time":"2024-10-06T13:40:08+00:00","og_image":[{"url":"https:\/\/dariush-stove.ir\/wp-content\/uploads\/2024\/07\/image-13-500x500.jpeg"}],"twitter_card":"summary_large_image","twitter_misc":{"Tahmini okuma s\u00fcresi":"1 dakika"},"schema":{"@context":"https:\/\/schema.org","@graph":[{"@type":"WebPage","@id":"https:\/\/dariush-stove.ir\/tr\/gorsel-galerisi\/","url":"https:\/\/dariush-stove.ir\/tr\/gorsel-galerisi\/","name":"Galerisi - \u06af\u0631\u0648\u0647 \u062a\u0648\u0644\u06cc\u062f\u06cc \u0648 \u0635\u0646\u0639\u062a\u06cc \u062f\u0627\u0631\u06cc\u0648\u0634 (\u0622\u0630\u0631\u062e\u0634 \u0635\u0646\u0639\u062a \u062f\u0627\u0631\u06cc\u0648\u0634)","isPartOf":{"@id":"https:\/\/dariush-stove.ir\/#website"},"primaryImageOfPage":{"@id":"https:\/\/dariush-stove.ir\/tr\/gorsel-galerisi\/#primaryimage"},"image":{"@id":"https:\/\/dariush-stove.ir\/tr\/gorsel-galerisi\/#primaryimage"},"thumbnailUrl":"https:\/\/dariush-stove.ir\/wp-content\/uploads\/2024\/07\/image-13-500x500.jpeg","datePublished":"2021-06-17T13:01:00+00:00","dateModified":"2024-10-06T13:40:08+00:00","breadcrumb":{"@id":"https:\/\/dariush-stove.ir\/tr\/gorsel-galerisi\/#breadcrumb"},"inLanguage":"tr","potentialAction":[{"@type":"ReadAction","target":["https:\/\/dariush-stove.ir\/tr\/gorsel-galerisi\/"]}]},{"@type":"ImageObject","inLanguage":"tr","@id":"https:\/\/dariush-stove.ir\/tr\/gorsel-galerisi\/#primaryimage","url":"https:\/\/dariush-stove.ir\/wp-content\/uploads\/2024\/07\/image-13-500x500.jpeg","contentUrl":"https:\/\/dariush-stove.ir\/wp-content\/uploads\/2024\/07\/image-13-500x500.jpeg"},{"@type":"BreadcrumbList","@id":"https:\/\/dariush-stove.ir\/tr\/gorsel-galerisi\/#breadcrumb","itemListElement":[{"@type":"ListItem","position":1,"name":"Home","item":"https:\/\/dariush-stove.ir\/"},{"@type":"ListItem","position":2,"name":"Galerisi"}]},{"@type":"WebSite","@id":"https:\/\/dariush-stove.ir\/#website","url":"https:\/\/dariush-stove.ir\/","name":"\u0622\u0630\u0631\u062e\u0634 \u0635\u0646\u0639\u062a \u062f\u0627\u0631\u06cc\u0648\u0634","description":"\u06af\u0631\u0648\u0647 \u062a\u0648\u0644\u06cc\u062f\u06cc \u0648 \u0635\u0646\u0639\u062a\u06cc \u062f\u0627\u0631\u06cc\u0648\u0634 (\u0622\u0630\u0631\u062e\u0634 \u0635\u0646\u0639\u062a \u062f\u0627\u0631\u06cc\u0648\u0634) \u062f\u0631 \u0633\u0627\u0644 \u06f1\u06f3\u06f9\u06f9\u062a\u0627\u0633\u06cc\u0633 \u06af\u0631\u062f\u06cc\u062f. \u0645\u062d\u0635\u0648\u0644 \u0627\u0635\u0644\u06cc \u0627\u06cc\u0646 \u0648\u0627\u062d\u062f \u062a\u0648\u0644\u06cc\u062f\u06cc \u0634\u0628\u06a9\u0647 \u0686\u062f\u0646\u06cc \u0631\u0648\u06cc\u0647 \u0627\u062c\u0627\u0642 \u06af\u0627\u0632 \u0645\u06cc \u0628\u0627\u0634\u062f \u06a9\u0647 \u0627\u0632 \u0628\u0647\u062a\u0631\u06cc\u0646 \u0645\u0648\u0627\u062f \u0627\u0648\u0644\u06cc\u0647 \u0648 \u0628\u0647 \u062f\u0633\u062a \u0627\u0641\u0631\u0627\u062f \u0645\u062a\u062e\u0635\u0635 \u062a\u0648\u0644\u06cc\u062f \u0645\u06cc\u200c\u0634\u0648\u062f.","publisher":{"@id":"https:\/\/dariush-stove.ir\/#organization"},"alternateName":"\u06af\u0631\u0648\u0647 \u062a\u0648\u0644\u06cc\u062f\u06cc \u0648 \u0635\u0646\u0639\u062a\u06cc \u062f\u0627\u0631\u06cc\u0648\u0634","potentialAction":[{"@type":"SearchAction","target":{"@type":"EntryPoint","urlTemplate":"https:\/\/dariush-stove.ir\/?s={search_term_string}"},"query-input":"required name=search_term_string"}],"inLanguage":"tr"},{"@type":"Organization","@id":"https:\/\/dariush-stove.ir\/#organization","name":"\u0622\u0630\u0631\u062e\u0634 \u0635\u0646\u0639\u062a \u062f\u0627\u0631\u06cc\u0648\u0634","alternateName":"\u06af\u0631\u0648\u0647 \u062a\u0648\u0644\u06cc\u062f\u06cc \u0648 \u0635\u0646\u0639\u062a\u06cc \u062f\u0627\u0631\u06cc\u0648\u0634","url":"https:\/\/dariush-stove.ir\/","logo":{"@type":"ImageObject","inLanguage":"tr","@id":"https:\/\/dariush-stove.ir\/#\/schema\/logo\/image\/","url":"https:\/\/dariush-stove.ir\/wp-content\/uploads\/2024\/04\/logo.png","contentUrl":"https:\/\/dariush-stove.ir\/wp-content\/uploads\/2024\/04\/logo.png","width":155,"height":147,"caption":"\u0622\u0630\u0631\u062e\u0634 \u0635\u0646\u0639\u062a \u062f\u0627\u0631\u06cc\u0648\u0634"},"image":{"@id":"https:\/\/dariush-stove.ir\/#\/schema\/logo\/image\/"},"description":"\u0645\u0627 \u062f\u0631 \u0627\u06cc\u0646 \u0634\u0631\u06a9\u062a \u06cc\u06a9 \u0631\u0648\u0634 \u062c\u0627\u0645\u0639 \u0628\u0631\u0627\u06cc \u06a9\u0646\u062a\u0631\u0644 \u0633\u06cc\u0633\u062a\u0645 \u062a\u0648\u0644\u06cc\u062f \u067e\u06cc\u0627\u062f\u0647 \u0633\u0627\u0632\u06cc \u0646\u0645\u0648\u062f\u0647\u200c\u0627\u06cc\u0645 \u06a9\u0647 \u0645\u062d\u0635\u0648\u0644\u0627\u062a \u062a\u0648\u0644\u06cc\u062f\u06cc \u0645\u0627 \u0645\u0637\u0627\u0628\u0642 \u0628\u0627 \u062e\u0648\u0627\u0633\u062a \u0645\u0634\u062a\u0631\u06cc \u0628\u0627\u0634\u062f\u060c \u0628\u0639\u0644\u0627\u0648\u0647 \u062a\u0645\u0627\u0645\u06cc \u0645\u062d\u0635\u0648\u0644\u0627\u062a\u060c \u0628\u0647 \u0635\u0648\u0631\u062a \u062f\u0642\u06cc\u0642 \u0642\u0628\u0644 \u0627\u0632 \u0627\u0631\u0633\u0627\u0644 \u0628\u0631\u0627\u06cc \u0645\u0634\u062a\u0631\u06cc \u0645\u0648\u0631\u062f \u06a9\u0646\u062a\u0631\u0644 \u0646\u0647\u0627\u06cc\u06cc \u0642\u0631\u0627\u0631 \u0645\u06cc\u200c\u06af\u06cc\u0631\u062f.\u062a\u0645\u0627\u0645\u06cc \u0645\u0631\u0627\u062d\u0644 \u062a\u0648\u0644\u06cc\u062f \u06a9\u0647 \u0634\u0627\u0645\u0644 \u0622\u0645\u0627\u062f\u0647\u200c\u0633\u0627\u0632\u06cc \u0630\u0648\u0628\u060c \u0631\u06cc\u062e\u062a\u0647\u200c\u06af\u0631\u06cc\u060c \u0645\u0627\u0634\u06cc\u0646\u200c\u06a9\u0627\u0631\u06cc \u0648 \u0644\u0639\u0627\u0628\u200c\u06a9\u0627\u0631\u06cc \u0645\u06cc\u200c\u0628\u0627\u0634\u062f \u062a\u0648\u0633\u0637 \u0648\u0627\u062d\u062f \u06a9\u0646\u062a\u0631\u0644 \u06a9\u06cc\u0641\u06cc\u062a \u062a\u062d\u062a \u0622\u0646\u0627\u0644\u06cc\u0632 \u062f\u0642\u06cc\u0642 \u0645\u06cc\u200c\u0628\u0627\u0634\u062f.","email":"info@dariush-stove.com","telephone":"\u06f0\u06f9\u06f1\u06f2\u06f7\u06f0\u06f1\u06f3\u06f2\u06f0\u06f0 - \u06f0\u06f9\u06f1\u06f2\u06f0\u06f7\u06f3\u06f1\u06f8\u06f0\u06f6","legalName":"\u06af\u0631\u0648\u0647 \u062a\u0648\u0644\u06cc\u062f\u06cc \u0648 \u0635\u0646\u0639\u062a\u06cc \u062f\u0627\u0631\u06cc\u0648\u0634 (\u0622\u0630\u0631\u062e\u0634 \u0635\u0646\u0639\u062a \u062f\u0627\u0631\u06cc\u0648\u0634)","foundingDate":"2024-07-16","numberOfEmployees":{"@type":"QuantitativeValue","minValue":"51","maxValue":"200"},"publishingPrinciples":"https:\/\/dariush-stove.ir\/%d9%85%d8%ad%d8%b5%d9%88%d9%84%d8%a7%d8%aa\/"}]}},"_links":{"self":[{"href":"https:\/\/dariush-stove.ir\/tr\/wp-json\/wp\/v2\/pages\/9508","targetHints":{"allow":["GET"]}}],"collection":[{"href":"https:\/\/dariush-stove.ir\/tr\/wp-json\/wp\/v2\/pages"}],"about":[{"href":"https:\/\/dariush-stove.ir\/tr\/wp-json\/wp\/v2\/types\/page"}],"author":[{"embeddable":true,"href":"https:\/\/dariush-stove.ir\/tr\/wp-json\/wp\/v2\/users\/1"}],"replies":[{"embeddable":true,"href":"https:\/\/dariush-stove.ir\/tr\/wp-json\/wp\/v2\/comments?post=9508"}],"version-history":[{"count":7,"href":"https:\/\/dariush-stove.ir\/tr\/wp-json\/wp\/v2\/pages\/9508\/revisions"}],"predecessor-version":[{"id":9661,"href":"https:\/\/dariush-stove.ir\/tr\/wp-json\/wp\/v2\/pages\/9508\/revisions\/9661"}],"wp:attachment":[{"href":"https:\/\/dariush-stove.ir\/tr\/wp-json\/wp\/v2\/media?parent=9508"}],"curies":[{"name":"wp","href":"https:\/\/api.w.org\/{rel}","templated":true}]}}